{"id":12,"date":"2025-05-20T16:15:50","date_gmt":"2025-05-20T16:15:50","guid":{"rendered":"https:\/\/native3.cl\/?page_id=12"},"modified":"2025-06-25T22:52:16","modified_gmt":"2025-06-25T22:52:16","slug":"propuesta-de-valor","status":"publish","type":"page","link":"https:\/\/native3.cl\/en\/propuesta-de-valor\/","title":{"rendered":"Value proposition"},"content":{"rendered":"<div data-elementor-type=\"wp-page\" data-elementor-id=\"12\" class=\"elementor elementor-12\" data-elementor-post-type=\"page\">\n\t\t\t\t<div class=\"elementor-element elementor-element-d18a6c4 e-con-full e-flex e-con e-parent\" data-id=\"d18a6c4\" data-element_type=\"container\">\n\t\t<div class=\"elementor-element elementor-element-0aa3fc2 e-con-full e-flex e-con e-child\" data-id=\"0aa3fc2\" data-element_type=\"container\" data-settings=\"{&quot;background_background&quot;:&quot;classic&quot;}\">\n\t\t\t\t<div class=\"elementor-element elementor-element-faaf464 elementor-widget elementor-widget-heading\" data-id=\"faaf464\" data-element_type=\"widget\" data-widget_type=\"heading.default\">\n\t\t\t\t<div class=\"elementor-widget-container\">\n\t\t\t\t\t<h2 class=\"elementor-heading-title elementor-size-default\">Our Value Proposition<\/h2>\t\t\t\t<\/div>\n\t\t\t\t<\/div>\n\t\t\t\t<div class=\"elementor-element elementor-element-2b0148f elementor-widget elementor-widget-text-editor\" data-id=\"2b0148f\" data-element_type=\"widget\" data-widget_type=\"text-editor.default\">\n\t\t\t\t<div class=\"elementor-widget-container\">\n\t\t\t\t\t\t\t\t\t<p>We design customized projects, considering the specific needs of each client, adding value in the development and comprehensive execution of each solution.<\/p>\n<p>We have extensive knowledge of the forest industry, both native and pine and eucalyptus plantations: silviculture, nurseries, genetics, operations, certifications, restoration, and conservation.<\/p>\n<p>We manage nature-based projects, with extensive experience in forestry operations contracts, with medium- and large-scale multidisciplinary teams, with related service providers, and in the management of environmental and technological development projects for the industry.<\/p>\n<p>We are characterized by our corporate vision, focus on objectives, flexibility, and agility to create value for our clients.<\/p>\t\t\t\t\t\t\t\t<\/div>\n\t\t\t\t<\/div>\n\t\t\t\t<div class=\"elementor-element elementor-element-84abcd4 elementor-align-left elementor-widget elementor-widget-button\" data-id=\"84abcd4\" data-element_type=\"widget\" data-widget_type=\"button.default\">\n\t\t\t\t<div class=\"elementor-widget-container\">\n\t\t\t\t\t\t\t\t\t<div class=\"elementor-button-wrapper\">\n\t\t\t\t\t<a class=\"elementor-button elementor-button-link elementor-size-sm\" href=\"\/en\/contacto\/\">\n\t\t\t\t\t\t<span class=\"elementor-button-content-wrapper\">\n\t\t\t\t\t\t\t\t\t<span class=\"elementor-button-text\">Let's talk<\/span>\n\t\t\t\t\t<\/span>\n\t\t\t\t\t<\/a>\n\t\t\t\t<\/div>\n\t\t\t\t\t\t\t\t<\/div>\n\t\t\t\t<\/div>\n\t\t\t\t<\/div>\n\t\t<div class=\"elementor-element elementor-element-effdbf6 e-con-full e-flex e-con e-child\" data-id=\"effdbf6\" data-element_type=\"container\" data-settings=\"{&quot;background_background&quot;:&quot;classic&quot;}\">\n\t\t\t\t<\/div>\n\t\t\t\t<\/div>\n\t\t\t\t<\/div>","protected":false},"excerpt":{"rendered":"<p>Nuestra Propuesta de Valor Dise\u00f1amos proyectos a la medida, considerando las necesidades espec\u00edficas de cada cliente, aportando valor en la elaboraci\u00f3n y ejecuci\u00f3n integral de cada soluci\u00f3n. Tenemos amplio conocimiento de la industria forestal tanto nativa como plantaciones de pino y eucalipto: Silvicultura, viveros, gen\u00e9tica, operaciones, certificaciones, restauraci\u00f3n y conservaci\u00f3n. Administramos proyectos basados en la&hellip;<\/p>","protected":false},"author":1,"featured_media":0,"parent":0,"menu_order":3,"comment_status":"closed","ping_status":"closed","template":"elementor_header_footer","meta":{"footnotes":""},"class_list":["post-12","page","type-page","status-publish","hentry"],"yoast_head":"<!-- This site is optimized with the Yoast SEO plugin v26.4 - https:\/\/yoast.com\/wordpress\/plugins\/seo\/ -->\n<title>Propuesta de valor - Native3<\/title>\n<meta name=\"robots\" content=\"index, follow, max-snippet:-1, max-image-preview:large, max-video-preview:-1\" \/>\n<link rel=\"canonical\" href=\"https:\/\/native3.cl\/en\/propuesta-de-valor\/\" \/>\n<meta property=\"og:locale\" content=\"en_US\" \/>\n<meta property=\"og:type\" content=\"article\" \/>\n<meta property=\"og:title\" content=\"Propuesta de valor - Native3\" \/>\n<meta property=\"og:description\" content=\"Nuestra Propuesta de Valor Dise\u00f1amos proyectos a la medida, considerando las necesidades espec\u00edficas de cada cliente, aportando valor en la elaboraci\u00f3n y ejecuci\u00f3n integral de cada soluci\u00f3n. Tenemos amplio conocimiento de la industria forestal tanto nativa como plantaciones de pino y eucalipto: Silvicultura, viveros, gen\u00e9tica, operaciones, certificaciones, restauraci\u00f3n y conservaci\u00f3n. Administramos proyectos basados en la&hellip;\" \/>\n<meta property=\"og:url\" content=\"https:\/\/native3.cl\/en\/propuesta-de-valor\/\" \/>\n<meta property=\"og:site_name\" content=\"Native3\" \/>\n<meta property=\"article:modified_time\" content=\"2025-06-25T22:52:16+00:00\" \/>\n<meta property=\"og:image\" content=\"https:\/\/native3.cl\/wp-content\/uploads\/2025\/05\/logo-Native3-blanco.png\" \/>\n\t<meta property=\"og:image:width\" content=\"832\" \/>\n\t<meta property=\"og:image:height\" content=\"332\" \/>\n\t<meta property=\"og:image:type\" content=\"image\/png\" \/>\n<meta name=\"twitter:card\" content=\"summary_large_image\" \/>\n<meta name=\"twitter:label1\" content=\"Est. reading time\" \/>\n\t<meta name=\"twitter:data1\" content=\"1 minute\" \/>\n<script type=\"application\/ld+json\" class=\"yoast-schema-graph\">{\"@context\":\"https:\/\/schema.org\",\"@graph\":[{\"@type\":\"WebPage\",\"@id\":\"https:\/\/native3.cl\/propuesta-de-valor\/\",\"url\":\"https:\/\/native3.cl\/propuesta-de-valor\/\",\"name\":\"Propuesta de valor - Native3\",\"isPartOf\":{\"@id\":\"https:\/\/native3.cl\/#website\"},\"datePublished\":\"2025-05-20T16:15:50+00:00\",\"dateModified\":\"2025-06-25T22:52:16+00:00\",\"breadcrumb\":{\"@id\":\"https:\/\/native3.cl\/propuesta-de-valor\/#breadcrumb\"},\"inLanguage\":\"en-US\",\"potentialAction\":[{\"@type\":\"ReadAction\",\"target\":[\"https:\/\/native3.cl\/propuesta-de-valor\/\"]}]},{\"@type\":\"BreadcrumbList\",\"@id\":\"https:\/\/native3.cl\/propuesta-de-valor\/#breadcrumb\",\"itemListElement\":[{\"@type\":\"ListItem\",\"position\":1,\"name\":\"Portada\",\"item\":\"https:\/\/native3.cl\/\"},{\"@type\":\"ListItem\",\"position\":2,\"name\":\"Propuesta de valor\"}]},{\"@type\":\"WebSite\",\"@id\":\"https:\/\/native3.cl\/#website\",\"url\":\"https:\/\/native3.cl\/\",\"name\":\"Native 3 \u2013 Soluciones basadas en la naturaleza en Chile\",\"description\":\"Consultora chilena especializada en soluciones basadas en la naturaleza, restauraci\u00f3n ecol\u00f3gica y servicios ecosist\u00e9micos.\",\"publisher\":{\"@id\":\"https:\/\/native3.cl\/#organization\"},\"potentialAction\":[{\"@type\":\"SearchAction\",\"target\":{\"@type\":\"EntryPoint\",\"urlTemplate\":\"https:\/\/native3.cl\/?s={search_term_string}\"},\"query-input\":{\"@type\":\"PropertyValueSpecification\",\"valueRequired\":true,\"valueName\":\"search_term_string\"}}],\"inLanguage\":\"en-US\"},{\"@type\":\"Organization\",\"@id\":\"https:\/\/native3.cl\/#organization\",\"name\":\"Native3\",\"alternateName\":\"Consultora Ambiental en Restauraci\u00f3n Ecol\u00f3gica\",\"url\":\"https:\/\/native3.cl\/\",\"logo\":{\"@type\":\"ImageObject\",\"inLanguage\":\"en-US\",\"@id\":\"https:\/\/native3.cl\/#\/schema\/logo\/image\/\",\"url\":\"https:\/\/native3.cl\/wp-content\/uploads\/2025\/05\/logo-Native3-blanco.png\",\"contentUrl\":\"https:\/\/native3.cl\/wp-content\/uploads\/2025\/05\/logo-Native3-blanco.png\",\"width\":832,\"height\":332,\"caption\":\"Native3\"},\"image\":{\"@id\":\"https:\/\/native3.cl\/#\/schema\/logo\/image\/\"}}]}<\/script>\n<!-- \/ Yoast SEO plugin. -->","yoast_head_json":{"title":"Propuesta de valor - Native3","robots":{"index":"index","follow":"follow","max-snippet":"max-snippet:-1","max-image-preview":"max-image-preview:large","max-video-preview":"max-video-preview:-1"},"canonical":"https:\/\/native3.cl\/en\/propuesta-de-valor\/","og_locale":"en_US","og_type":"article","og_title":"Propuesta de valor - Native3","og_description":"Nuestra Propuesta de Valor Dise\u00f1amos proyectos a la medida, considerando las necesidades espec\u00edficas de cada cliente, aportando valor en la elaboraci\u00f3n y ejecuci\u00f3n integral de cada soluci\u00f3n. Tenemos amplio conocimiento de la industria forestal tanto nativa como plantaciones de pino y eucalipto: Silvicultura, viveros, gen\u00e9tica, operaciones, certificaciones, restauraci\u00f3n y conservaci\u00f3n. Administramos proyectos basados en la&hellip;","og_url":"https:\/\/native3.cl\/en\/propuesta-de-valor\/","og_site_name":"Native3","article_modified_time":"2025-06-25T22:52:16+00:00","og_image":[{"width":832,"height":332,"url":"https:\/\/native3.cl\/wp-content\/uploads\/2025\/05\/logo-Native3-blanco.png","type":"image\/png"}],"twitter_card":"summary_large_image","twitter_misc":{"Est. reading time":"1 minute"},"schema":{"@context":"https:\/\/schema.org","@graph":[{"@type":"WebPage","@id":"https:\/\/native3.cl\/propuesta-de-valor\/","url":"https:\/\/native3.cl\/propuesta-de-valor\/","name":"Propuesta de valor - Native3","isPartOf":{"@id":"https:\/\/native3.cl\/#website"},"datePublished":"2025-05-20T16:15:50+00:00","dateModified":"2025-06-25T22:52:16+00:00","breadcrumb":{"@id":"https:\/\/native3.cl\/propuesta-de-valor\/#breadcrumb"},"inLanguage":"en-US","potentialAction":[{"@type":"ReadAction","target":["https:\/\/native3.cl\/propuesta-de-valor\/"]}]},{"@type":"BreadcrumbList","@id":"https:\/\/native3.cl\/propuesta-de-valor\/#breadcrumb","itemListElement":[{"@type":"ListItem","position":1,"name":"Portada","item":"https:\/\/native3.cl\/"},{"@type":"ListItem","position":2,"name":"Propuesta de valor"}]},{"@type":"WebSite","@id":"https:\/\/native3.cl\/#website","url":"https:\/\/native3.cl\/","name":"Native 3 \u2013 Soluciones basadas en la naturaleza en Chile","description":"Consultora chilena especializada en soluciones basadas en la naturaleza, restauraci\u00f3n ecol\u00f3gica y servicios ecosist\u00e9micos.","publisher":{"@id":"https:\/\/native3.cl\/#organization"},"potentialAction":[{"@type":"SearchAction","target":{"@type":"EntryPoint","urlTemplate":"https:\/\/native3.cl\/?s={search_term_string}"},"query-input":{"@type":"PropertyValueSpecification","valueRequired":true,"valueName":"search_term_string"}}],"inLanguage":"en-US"},{"@type":"Organization","@id":"https:\/\/native3.cl\/#organization","name":"Native3","alternateName":"Consultora Ambiental en Restauraci\u00f3n Ecol\u00f3gica","url":"https:\/\/native3.cl\/","logo":{"@type":"ImageObject","inLanguage":"en-US","@id":"https:\/\/native3.cl\/#\/schema\/logo\/image\/","url":"https:\/\/native3.cl\/wp-content\/uploads\/2025\/05\/logo-Native3-blanco.png","contentUrl":"https:\/\/native3.cl\/wp-content\/uploads\/2025\/05\/logo-Native3-blanco.png","width":832,"height":332,"caption":"Native3"},"image":{"@id":"https:\/\/native3.cl\/#\/schema\/logo\/image\/"}}]}},"_links":{"self":[{"href":"https:\/\/native3.cl\/en\/wp-json\/wp\/v2\/pages\/12","targetHints":{"allow":["GET"]}}],"collection":[{"href":"https:\/\/native3.cl\/en\/wp-json\/wp\/v2\/pages"}],"about":[{"href":"https:\/\/native3.cl\/en\/wp-json\/wp\/v2\/types\/page"}],"author":[{"embeddable":true,"href":"https:\/\/native3.cl\/en\/wp-json\/wp\/v2\/users\/1"}],"replies":[{"embeddable":true,"href":"https:\/\/native3.cl\/en\/wp-json\/wp\/v2\/comments?post=12"}],"version-history":[{"count":52,"href":"https:\/\/native3.cl\/en\/wp-json\/wp\/v2\/pages\/12\/revisions"}],"predecessor-version":[{"id":816,"href":"https:\/\/native3.cl\/en\/wp-json\/wp\/v2\/pages\/12\/revisions\/816"}],"wp:attachment":[{"href":"https:\/\/native3.cl\/en\/wp-json\/wp\/v2\/media?parent=12"}],"curies":[{"name":"wp","href":"https:\/\/api.w.org\/{rel}","templated":true}]}}