{"id":10,"date":"2025-05-20T16:15:33","date_gmt":"2025-05-20T16:15:33","guid":{"rendered":"https:\/\/native3.cl\/?page_id=10"},"modified":"2025-06-25T22:43:35","modified_gmt":"2025-06-25T22:43:35","slug":"quienes-somos","status":"publish","type":"page","link":"https:\/\/native3.cl\/en\/quienes-somos\/","title":{"rendered":"Who we are"},"content":{"rendered":"<div data-elementor-type=\"wp-page\" data-elementor-id=\"10\" class=\"elementor elementor-10\" data-elementor-post-type=\"page\">\n\t\t\t\t<div class=\"elementor-element elementor-element-ff28d97 e-con-full e-flex e-con e-parent\" data-id=\"ff28d97\" data-element_type=\"container\">\n\t\t<div class=\"elementor-element elementor-element-722dd42 e-con-full e-flex e-con e-child\" data-id=\"722dd42\" data-element_type=\"container\" data-settings=\"{&quot;background_background&quot;:&quot;classic&quot;}\">\n\t\t\t\t<div class=\"elementor-element elementor-element-d89128a elementor-widget elementor-widget-heading\" data-id=\"d89128a\" data-element_type=\"widget\" data-widget_type=\"heading.default\">\n\t\t\t\t<div class=\"elementor-widget-container\">\n\t\t\t\t\t<h2 class=\"elementor-heading-title elementor-size-default\">Who we are<\/h2>\t\t\t\t<\/div>\n\t\t\t\t<\/div>\n\t\t\t\t<div class=\"elementor-element elementor-element-6eee9b8 elementor-widget elementor-widget-text-editor\" data-id=\"6eee9b8\" data-element_type=\"widget\" data-widget_type=\"text-editor.default\">\n\t\t\t\t<div class=\"elementor-widget-container\">\n\t\t\t\t\t\t\t\t\t<p class=\"translation-block\">We are a management team with extensive experience and networks in the forestry industry, including specialist companies, professionals, academics, and contractors.\n<br>\nWe work as a team with our clients, with a focus on sustainability.<\/p>\t\t\t\t\t\t\t\t<\/div>\n\t\t\t\t<\/div>\n\t\t\t\t<div class=\"elementor-element elementor-element-77836b8 elementor-align-left elementor-widget elementor-widget-button\" data-id=\"77836b8\" data-element_type=\"widget\" data-widget_type=\"button.default\">\n\t\t\t\t<div class=\"elementor-widget-container\">\n\t\t\t\t\t\t\t\t\t<div class=\"elementor-button-wrapper\">\n\t\t\t\t\t<a class=\"elementor-button elementor-button-link elementor-size-sm\" href=\"\/en\/contacto\/\">\n\t\t\t\t\t\t<span class=\"elementor-button-content-wrapper\">\n\t\t\t\t\t\t\t\t\t<span class=\"elementor-button-text\">Let's talk<\/span>\n\t\t\t\t\t<\/span>\n\t\t\t\t\t<\/a>\n\t\t\t\t<\/div>\n\t\t\t\t\t\t\t\t<\/div>\n\t\t\t\t<\/div>\n\t\t\t\t<\/div>\n\t\t<div class=\"elementor-element elementor-element-0ac5482 e-con-full e-flex e-con e-child\" data-id=\"0ac5482\" data-element_type=\"container\" data-settings=\"{&quot;background_background&quot;:&quot;classic&quot;}\">\n\t\t\t\t<\/div>\n\t\t\t\t<\/div>\n\t\t<div class=\"elementor-element elementor-element-cc53d10 e-flex e-con-boxed e-con e-parent\" data-id=\"cc53d10\" data-element_type=\"container\" data-settings=\"{&quot;background_background&quot;:&quot;classic&quot;}\">\n\t\t\t\t\t<div class=\"e-con-inner\">\n\t\t<div class=\"elementor-element elementor-element-40fb04d e-con-full e-flex e-con e-child\" data-id=\"40fb04d\" data-element_type=\"container\">\n\t\t\t\t<div class=\"elementor-element elementor-element-2bc0f61 elementor-absolute elementor-widget elementor-widget-image\" data-id=\"2bc0f61\" data-element_type=\"widget\" data-settings=\"{&quot;_position&quot;:&quot;absolute&quot;}\" data-widget_type=\"image.default\">\n\t\t\t\t<div class=\"elementor-widget-container\">\n\t\t\t\t\t\t\t\t\t\t\t\t\t\t\t<img decoding=\"async\" width=\"150\" height=\"150\" src=\"https:\/\/native3.cl\/wp-content\/uploads\/2025\/06\/pablo-smidt-150x150.jpg\" class=\"attachment-thumbnail size-thumbnail wp-image-525\" alt=\"\" srcset=\"https:\/\/native3.cl\/wp-content\/uploads\/2025\/06\/pablo-smidt-150x150.jpg 150w, https:\/\/native3.cl\/wp-content\/uploads\/2025\/06\/pablo-smidt-300x300.jpg 300w, https:\/\/native3.cl\/wp-content\/uploads\/2025\/06\/pablo-smidt-768x768.jpg 768w, https:\/\/native3.cl\/wp-content\/uploads\/2025\/06\/pablo-smidt.jpg 777w\" sizes=\"(max-width: 150px) 100vw, 150px\" \/>\t\t\t\t\t\t\t\t\t\t\t\t\t\t\t<\/div>\n\t\t\t\t<\/div>\n\t\t<div class=\"elementor-element elementor-element-87e3b8b e-con-full e-flex e-con e-child\" data-id=\"87e3b8b\" data-element_type=\"container\">\n\t\t\t\t<div class=\"elementor-element elementor-element-8b7e6e2 elementor-widget elementor-widget-heading\" data-id=\"8b7e6e2\" data-element_type=\"widget\" data-widget_type=\"heading.default\">\n\t\t\t\t<div class=\"elementor-widget-container\">\n\t\t\t\t\t<h3 class=\"elementor-heading-title elementor-size-default\">Pablo Smith<\/h3>\t\t\t\t<\/div>\n\t\t\t\t<\/div>\n\t\t\t\t<div class=\"elementor-element elementor-element-1b0cae9 elementor-widget elementor-widget-text-editor\" data-id=\"1b0cae9\" data-element_type=\"widget\" data-widget_type=\"text-editor.default\">\n\t\t\t\t<div class=\"elementor-widget-container\">\n\t\t\t\t\t\t\t\t\t<p>Industrial Civil Engineer, University of Chile, MBA<\/p>\n<p><b>Executive Director and Co-Founder<\/b><\/p>\n<p>30+ years of management experience in business and project administration, strategic plans, and new businesses in the paper, forestry, and real estate industries.<\/p>\t\t\t\t\t\t\t\t<\/div>\n\t\t\t\t<\/div>\n\t\t\t\t<div class=\"elementor-element elementor-element-45e1673 elementor-shape-circle elementor-grid-0 e-grid-align-center elementor-widget elementor-widget-social-icons\" data-id=\"45e1673\" data-element_type=\"widget\" data-widget_type=\"social-icons.default\">\n\t\t\t\t<div class=\"elementor-widget-container\">\n\t\t\t\t\t\t\t<div class=\"elementor-social-icons-wrapper elementor-grid\">\n\t\t\t\t\t\t\t<span class=\"elementor-grid-item\">\n\t\t\t\t\t<a class=\"elementor-icon elementor-social-icon elementor-social-icon-linkedin elementor-repeater-item-7c0329e\" href=\"https:\/\/www.linkedin.com\/in\/j-pablo-smith\/\" target=\"_blank\">\n\t\t\t\t\t\t<span class=\"elementor-screen-only\">Linkedin<\/span>\n\t\t\t\t\t\t<svg aria-hidden=\"true\" class=\"e-font-icon-svg e-fab-linkedin\" viewbox=\"0 0 448 512\" xmlns=\"http:\/\/www.w3.org\/2000\/svg\"><path d=\"M416 32H31.9C14.3 32 0 46.5 0 64.3v383.4C0 465.5 14.3 480 31.9 480H416c17.6 0 32-14.5 32-32.3V64.3c0-17.8-14.4-32.3-32-32.3zM135.4 416H69V202.2h66.5V416zm-33.2-243c-21.3 0-38.5-17.3-38.5-38.5S80.9 96 102.2 96c21.2 0 38.5 17.3 38.5 38.5 0 21.3-17.2 38.5-38.5 38.5zm282.1 243h-66.4V312c0-24.8-.5-56.7-34.5-56.7-34.6 0-39.9 27-39.9 54.9V416h-66.4V202.2h63.7v29.2h.9c8.9-16.8 30.6-34.5 62.9-34.5 67.2 0 79.7 44.3 79.7 101.9V416z\"><\/path><\/svg>\t\t\t\t\t<\/a>\n\t\t\t\t<\/span>\n\t\t\t\t\t<\/div>\n\t\t\t\t\t\t<\/div>\n\t\t\t\t<\/div>\n\t\t\t\t<\/div>\n\t\t\t\t<\/div>\n\t\t<div class=\"elementor-element elementor-element-240368d e-con-full e-flex e-con e-child\" data-id=\"240368d\" data-element_type=\"container\">\n\t\t\t\t<div class=\"elementor-element elementor-element-c029b41 elementor-absolute elementor-widget elementor-widget-image\" data-id=\"c029b41\" data-element_type=\"widget\" data-settings=\"{&quot;_position&quot;:&quot;absolute&quot;}\" data-widget_type=\"image.default\">\n\t\t\t\t<div class=\"elementor-widget-container\">\n\t\t\t\t\t\t\t\t\t\t\t\t\t\t\t<img decoding=\"async\" width=\"150\" height=\"150\" src=\"https:\/\/native3.cl\/wp-content\/uploads\/2025\/05\/foto2-150x150.jpg\" class=\"attachment-thumbnail size-thumbnail wp-image-327\" alt=\"Rodrigo Palazuelos\u200b\" srcset=\"https:\/\/native3.cl\/wp-content\/uploads\/2025\/05\/foto2-150x150.jpg 150w, https:\/\/native3.cl\/wp-content\/uploads\/2025\/05\/foto2-300x300.jpg 300w, https:\/\/native3.cl\/wp-content\/uploads\/2025\/05\/foto2.jpg 410w\" sizes=\"(max-width: 150px) 100vw, 150px\" \/>\t\t\t\t\t\t\t\t\t\t\t\t\t\t\t<\/div>\n\t\t\t\t<\/div>\n\t\t<div class=\"elementor-element elementor-element-3114dfa e-con-full e-flex e-con e-child\" data-id=\"3114dfa\" data-element_type=\"container\">\n\t\t\t\t<div class=\"elementor-element elementor-element-f6954c0 elementor-widget elementor-widget-heading\" data-id=\"f6954c0\" data-element_type=\"widget\" data-widget_type=\"heading.default\">\n\t\t\t\t<div class=\"elementor-widget-container\">\n\t\t\t\t\t<h3 class=\"elementor-heading-title elementor-size-default\">Rodrigo Palazuelos<\/h3>\t\t\t\t<\/div>\n\t\t\t\t<\/div>\n\t\t\t\t<div class=\"elementor-element elementor-element-106d61a elementor-widget elementor-widget-text-editor\" data-id=\"106d61a\" data-element_type=\"widget\" data-widget_type=\"text-editor.default\">\n\t\t\t\t<div class=\"elementor-widget-container\">\n\t\t\t\t\t\t\t\t\t<p>Forestry Engineer, University of Chile, MBA<\/p><p><b>Director of Operations and Co-Founder<\/b><\/p><p><span style=\"font-weight: 400;\">Over 25 years of experience in the forestry industry, with eight years as a forestry operations manager covering over 500,000 hectares of forest plantations and native forests.<\/span><\/p>\t\t\t\t\t\t\t\t<\/div>\n\t\t\t\t<\/div>\n\t\t\t\t<div class=\"elementor-element elementor-element-ec0cca1 elementor-shape-circle elementor-grid-0 e-grid-align-center elementor-widget elementor-widget-social-icons\" data-id=\"ec0cca1\" data-element_type=\"widget\" data-widget_type=\"social-icons.default\">\n\t\t\t\t<div class=\"elementor-widget-container\">\n\t\t\t\t\t\t\t<div class=\"elementor-social-icons-wrapper elementor-grid\">\n\t\t\t\t\t\t\t<span class=\"elementor-grid-item\">\n\t\t\t\t\t<a class=\"elementor-icon elementor-social-icon elementor-social-icon-linkedin elementor-repeater-item-7c0329e\" href=\"https:\/\/linkedin.com\/in\/rodrigopalazuelos\/\" target=\"_blank\">\n\t\t\t\t\t\t<span class=\"elementor-screen-only\">Linkedin<\/span>\n\t\t\t\t\t\t<svg aria-hidden=\"true\" class=\"e-font-icon-svg e-fab-linkedin\" viewbox=\"0 0 448 512\" xmlns=\"http:\/\/www.w3.org\/2000\/svg\"><path d=\"M416 32H31.9C14.3 32 0 46.5 0 64.3v383.4C0 465.5 14.3 480 31.9 480H416c17.6 0 32-14.5 32-32.3V64.3c0-17.8-14.4-32.3-32-32.3zM135.4 416H69V202.2h66.5V416zm-33.2-243c-21.3 0-38.5-17.3-38.5-38.5S80.9 96 102.2 96c21.2 0 38.5 17.3 38.5 38.5 0 21.3-17.2 38.5-38.5 38.5zm282.1 243h-66.4V312c0-24.8-.5-56.7-34.5-56.7-34.6 0-39.9 27-39.9 54.9V416h-66.4V202.2h63.7v29.2h.9c8.9-16.8 30.6-34.5 62.9-34.5 67.2 0 79.7 44.3 79.7 101.9V416z\"><\/path><\/svg>\t\t\t\t\t<\/a>\n\t\t\t\t<\/span>\n\t\t\t\t\t<\/div>\n\t\t\t\t\t\t<\/div>\n\t\t\t\t<\/div>\n\t\t\t\t<\/div>\n\t\t\t\t<\/div>\n\t\t<div class=\"elementor-element elementor-element-fb5c572 e-con-full e-flex e-con e-child\" data-id=\"fb5c572\" data-element_type=\"container\">\n\t\t\t\t<div class=\"elementor-element elementor-element-9d24c4e elementor-absolute elementor-widget elementor-widget-image\" data-id=\"9d24c4e\" data-element_type=\"widget\" data-settings=\"{&quot;_position&quot;:&quot;absolute&quot;}\" data-widget_type=\"image.default\">\n\t\t\t\t<div class=\"elementor-widget-container\">\n\t\t\t\t\t\t\t\t\t\t\t\t\t\t\t<img decoding=\"async\" width=\"150\" height=\"150\" src=\"https:\/\/native3.cl\/wp-content\/uploads\/2025\/05\/foto3-150x150.jpg\" class=\"attachment-thumbnail size-thumbnail wp-image-340\" alt=\"Francisco Rodr\u00edguez\" srcset=\"https:\/\/native3.cl\/wp-content\/uploads\/2025\/05\/foto3-150x150.jpg 150w, https:\/\/native3.cl\/wp-content\/uploads\/2025\/05\/foto3-300x300.jpg 300w, https:\/\/native3.cl\/wp-content\/uploads\/2025\/05\/foto3.jpg 454w\" sizes=\"(max-width: 150px) 100vw, 150px\" \/>\t\t\t\t\t\t\t\t\t\t\t\t\t\t\t<\/div>\n\t\t\t\t<\/div>\n\t\t<div class=\"elementor-element elementor-element-5b410c7 e-con-full e-flex e-con e-child\" data-id=\"5b410c7\" data-element_type=\"container\">\n\t\t\t\t<div class=\"elementor-element elementor-element-2c399fd elementor-widget elementor-widget-heading\" data-id=\"2c399fd\" data-element_type=\"widget\" data-widget_type=\"heading.default\">\n\t\t\t\t<div class=\"elementor-widget-container\">\n\t\t\t\t\t<h3 class=\"elementor-heading-title elementor-size-default\">Francisco Rodr\u00edguez\n<\/h3>\t\t\t\t<\/div>\n\t\t\t\t<\/div>\n\t\t\t\t<div class=\"elementor-element elementor-element-d262c54 elementor-widget elementor-widget-text-editor\" data-id=\"d262c54\" data-element_type=\"widget\" data-widget_type=\"text-editor.default\">\n\t\t\t\t<div class=\"elementor-widget-container\">\n\t\t\t\t\t\t\t\t\t<p><span style=\"font-weight: 400;\">Forestry Engineer, University of Chile, MBA<\/span><\/p><p><b>Sustainability Director<\/b><\/p><p><span style=\"font-weight: 400;\">With over 40 years of experience in the forestry industry, including forestry, nurseries, forest propagation and genetics, conservation and restoration of exotic and native forests, and national and international forest certifications. <\/span><\/p>\t\t\t\t\t\t\t\t<\/div>\n\t\t\t\t<\/div>\n\t\t\t\t<div class=\"elementor-element elementor-element-05d305f elementor-shape-circle elementor-grid-0 e-grid-align-center elementor-widget elementor-widget-social-icons\" data-id=\"05d305f\" data-element_type=\"widget\" data-widget_type=\"social-icons.default\">\n\t\t\t\t<div class=\"elementor-widget-container\">\n\t\t\t\t\t\t\t<div class=\"elementor-social-icons-wrapper elementor-grid\">\n\t\t\t\t\t\t\t<span class=\"elementor-grid-item\">\n\t\t\t\t\t<a class=\"elementor-icon elementor-social-icon elementor-social-icon-linkedin elementor-repeater-item-7c0329e\" href=\"https:\/\/linkedin.com\/in\/francisco-rodr\u00edguez-aspillaga\/\" target=\"_blank\">\n\t\t\t\t\t\t<span class=\"elementor-screen-only\">Linkedin<\/span>\n\t\t\t\t\t\t<svg aria-hidden=\"true\" class=\"e-font-icon-svg e-fab-linkedin\" viewbox=\"0 0 448 512\" xmlns=\"http:\/\/www.w3.org\/2000\/svg\"><path d=\"M416 32H31.9C14.3 32 0 46.5 0 64.3v383.4C0 465.5 14.3 480 31.9 480H416c17.6 0 32-14.5 32-32.3V64.3c0-17.8-14.4-32.3-32-32.3zM135.4 416H69V202.2h66.5V416zm-33.2-243c-21.3 0-38.5-17.3-38.5-38.5S80.9 96 102.2 96c21.2 0 38.5 17.3 38.5 38.5 0 21.3-17.2 38.5-38.5 38.5zm282.1 243h-66.4V312c0-24.8-.5-56.7-34.5-56.7-34.6 0-39.9 27-39.9 54.9V416h-66.4V202.2h63.7v29.2h.9c8.9-16.8 30.6-34.5 62.9-34.5 67.2 0 79.7 44.3 79.7 101.9V416z\"><\/path><\/svg>\t\t\t\t\t<\/a>\n\t\t\t\t<\/span>\n\t\t\t\t\t<\/div>\n\t\t\t\t\t\t<\/div>\n\t\t\t\t<\/div>\n\t\t\t\t<\/div>\n\t\t\t\t<\/div>\n\t\t\t\t\t<\/div>\n\t\t\t\t<\/div>\n\t\t\t\t<\/div>","protected":false},"excerpt":{"rendered":"<p>Qui\u00e9nes Somos Somos un equipo gestor de gran experiencia y redes en el mundo forestal con empresas especialistas, profesionales, acad\u00e9micos y contratistas.Trabajamos en equipo con nuestros clientes, con foco en la sostenibilidad. Conversemos Pablo Smith Ingeniero Civil Industrial Universidad de Chile y MBA Director Ejecutivo y Cofundador 30+ a\u00f1os de experiencia gerencial en administraci\u00f3n de&hellip;<\/p>","protected":false},"author":1,"featured_media":0,"parent":0,"menu_order":2,"comment_status":"closed","ping_status":"closed","template":"elementor_header_footer","meta":{"footnotes":""},"class_list":["post-10","page","type-page","status-publish","hentry"],"yoast_head":"<!-- This site is optimized with the Yoast SEO plugin v26.4 - https:\/\/yoast.com\/wordpress\/plugins\/seo\/ -->\n<title>Quienes somos - Native3<\/title>\n<meta name=\"robots\" content=\"index, follow, max-snippet:-1, max-image-preview:large, max-video-preview:-1\" \/>\n<link rel=\"canonical\" href=\"https:\/\/native3.cl\/en\/quienes-somos\/\" \/>\n<meta property=\"og:locale\" content=\"en_US\" \/>\n<meta property=\"og:type\" content=\"article\" \/>\n<meta property=\"og:title\" content=\"Quienes somos - Native3\" \/>\n<meta property=\"og:description\" content=\"Qui\u00e9nes Somos Somos un equipo gestor de gran experiencia y redes en el mundo forestal con empresas especialistas, profesionales, acad\u00e9micos y contratistas.Trabajamos en equipo con nuestros clientes, con foco en la sostenibilidad. Conversemos Pablo Smith Ingeniero Civil Industrial Universidad de Chile y MBA Director Ejecutivo y Cofundador 30+ a\u00f1os de experiencia gerencial en administraci\u00f3n de&hellip;\" \/>\n<meta property=\"og:url\" content=\"https:\/\/native3.cl\/en\/quienes-somos\/\" \/>\n<meta property=\"og:site_name\" content=\"Native3\" \/>\n<meta property=\"article:modified_time\" content=\"2025-06-25T22:43:35+00:00\" \/>\n<meta property=\"og:image\" content=\"https:\/\/native3.cl\/wp-content\/uploads\/2025\/06\/pablo-smidt.jpg\" \/>\n\t<meta property=\"og:image:width\" content=\"777\" \/>\n\t<meta property=\"og:image:height\" content=\"777\" \/>\n\t<meta property=\"og:image:type\" content=\"image\/jpeg\" \/>\n<meta name=\"twitter:card\" content=\"summary_large_image\" \/>\n<meta name=\"twitter:label1\" content=\"Est. reading time\" \/>\n\t<meta name=\"twitter:data1\" content=\"2 minutes\" \/>\n<script type=\"application\/ld+json\" class=\"yoast-schema-graph\">{\"@context\":\"https:\/\/schema.org\",\"@graph\":[{\"@type\":\"WebPage\",\"@id\":\"https:\/\/native3.cl\/quienes-somos\/\",\"url\":\"https:\/\/native3.cl\/quienes-somos\/\",\"name\":\"Quienes somos - Native3\",\"isPartOf\":{\"@id\":\"https:\/\/native3.cl\/#website\"},\"primaryImageOfPage\":{\"@id\":\"https:\/\/native3.cl\/quienes-somos\/#primaryimage\"},\"image\":{\"@id\":\"https:\/\/native3.cl\/quienes-somos\/#primaryimage\"},\"thumbnailUrl\":\"https:\/\/native3.cl\/wp-content\/uploads\/2025\/06\/pablo-smidt-150x150.jpg\",\"datePublished\":\"2025-05-20T16:15:33+00:00\",\"dateModified\":\"2025-06-25T22:43:35+00:00\",\"breadcrumb\":{\"@id\":\"https:\/\/native3.cl\/quienes-somos\/#breadcrumb\"},\"inLanguage\":\"en-US\",\"potentialAction\":[{\"@type\":\"ReadAction\",\"target\":[\"https:\/\/native3.cl\/quienes-somos\/\"]}]},{\"@type\":\"ImageObject\",\"inLanguage\":\"en-US\",\"@id\":\"https:\/\/native3.cl\/quienes-somos\/#primaryimage\",\"url\":\"https:\/\/native3.cl\/wp-content\/uploads\/2025\/06\/pablo-smidt-150x150.jpg\",\"contentUrl\":\"https:\/\/native3.cl\/wp-content\/uploads\/2025\/06\/pablo-smidt-150x150.jpg\"},{\"@type\":\"BreadcrumbList\",\"@id\":\"https:\/\/native3.cl\/quienes-somos\/#breadcrumb\",\"itemListElement\":[{\"@type\":\"ListItem\",\"position\":1,\"name\":\"Portada\",\"item\":\"https:\/\/native3.cl\/\"},{\"@type\":\"ListItem\",\"position\":2,\"name\":\"Quienes somos\"}]},{\"@type\":\"WebSite\",\"@id\":\"https:\/\/native3.cl\/#website\",\"url\":\"https:\/\/native3.cl\/\",\"name\":\"Native 3 \u2013 Soluciones basadas en la naturaleza en Chile\",\"description\":\"Consultora chilena especializada en soluciones basadas en la naturaleza, restauraci\u00f3n ecol\u00f3gica y servicios ecosist\u00e9micos.\",\"publisher\":{\"@id\":\"https:\/\/native3.cl\/#organization\"},\"potentialAction\":[{\"@type\":\"SearchAction\",\"target\":{\"@type\":\"EntryPoint\",\"urlTemplate\":\"https:\/\/native3.cl\/?s={search_term_string}\"},\"query-input\":{\"@type\":\"PropertyValueSpecification\",\"valueRequired\":true,\"valueName\":\"search_term_string\"}}],\"inLanguage\":\"en-US\"},{\"@type\":\"Organization\",\"@id\":\"https:\/\/native3.cl\/#organization\",\"name\":\"Native3\",\"alternateName\":\"Consultora Ambiental en Restauraci\u00f3n Ecol\u00f3gica\",\"url\":\"https:\/\/native3.cl\/\",\"logo\":{\"@type\":\"ImageObject\",\"inLanguage\":\"en-US\",\"@id\":\"https:\/\/native3.cl\/#\/schema\/logo\/image\/\",\"url\":\"https:\/\/native3.cl\/wp-content\/uploads\/2025\/05\/logo-Native3-blanco.png\",\"contentUrl\":\"https:\/\/native3.cl\/wp-content\/uploads\/2025\/05\/logo-Native3-blanco.png\",\"width\":832,\"height\":332,\"caption\":\"Native3\"},\"image\":{\"@id\":\"https:\/\/native3.cl\/#\/schema\/logo\/image\/\"}}]}<\/script>\n<!-- \/ Yoast SEO plugin. -->","yoast_head_json":{"title":"Quienes somos - Native3","robots":{"index":"index","follow":"follow","max-snippet":"max-snippet:-1","max-image-preview":"max-image-preview:large","max-video-preview":"max-video-preview:-1"},"canonical":"https:\/\/native3.cl\/en\/quienes-somos\/","og_locale":"en_US","og_type":"article","og_title":"Quienes somos - Native3","og_description":"Qui\u00e9nes Somos Somos un equipo gestor de gran experiencia y redes en el mundo forestal con empresas especialistas, profesionales, acad\u00e9micos y contratistas.Trabajamos en equipo con nuestros clientes, con foco en la sostenibilidad. Conversemos Pablo Smith Ingeniero Civil Industrial Universidad de Chile y MBA Director Ejecutivo y Cofundador 30+ a\u00f1os de experiencia gerencial en administraci\u00f3n de&hellip;","og_url":"https:\/\/native3.cl\/en\/quienes-somos\/","og_site_name":"Native3","article_modified_time":"2025-06-25T22:43:35+00:00","og_image":[{"width":777,"height":777,"url":"https:\/\/native3.cl\/wp-content\/uploads\/2025\/06\/pablo-smidt.jpg","type":"image\/jpeg"}],"twitter_card":"summary_large_image","twitter_misc":{"Est. reading time":"2 minutes"},"schema":{"@context":"https:\/\/schema.org","@graph":[{"@type":"WebPage","@id":"https:\/\/native3.cl\/quienes-somos\/","url":"https:\/\/native3.cl\/quienes-somos\/","name":"Quienes somos - Native3","isPartOf":{"@id":"https:\/\/native3.cl\/#website"},"primaryImageOfPage":{"@id":"https:\/\/native3.cl\/quienes-somos\/#primaryimage"},"image":{"@id":"https:\/\/native3.cl\/quienes-somos\/#primaryimage"},"thumbnailUrl":"https:\/\/native3.cl\/wp-content\/uploads\/2025\/06\/pablo-smidt-150x150.jpg","datePublished":"2025-05-20T16:15:33+00:00","dateModified":"2025-06-25T22:43:35+00:00","breadcrumb":{"@id":"https:\/\/native3.cl\/quienes-somos\/#breadcrumb"},"inLanguage":"en-US","potentialAction":[{"@type":"ReadAction","target":["https:\/\/native3.cl\/quienes-somos\/"]}]},{"@type":"ImageObject","inLanguage":"en-US","@id":"https:\/\/native3.cl\/quienes-somos\/#primaryimage","url":"https:\/\/native3.cl\/wp-content\/uploads\/2025\/06\/pablo-smidt-150x150.jpg","contentUrl":"https:\/\/native3.cl\/wp-content\/uploads\/2025\/06\/pablo-smidt-150x150.jpg"},{"@type":"BreadcrumbList","@id":"https:\/\/native3.cl\/quienes-somos\/#breadcrumb","itemListElement":[{"@type":"ListItem","position":1,"name":"Portada","item":"https:\/\/native3.cl\/"},{"@type":"ListItem","position":2,"name":"Quienes somos"}]},{"@type":"WebSite","@id":"https:\/\/native3.cl\/#website","url":"https:\/\/native3.cl\/","name":"Native 3 \u2013 Soluciones basadas en la naturaleza en Chile","description":"Consultora chilena especializada en soluciones basadas en la naturaleza, restauraci\u00f3n ecol\u00f3gica y servicios ecosist\u00e9micos.","publisher":{"@id":"https:\/\/native3.cl\/#organization"},"potentialAction":[{"@type":"SearchAction","target":{"@type":"EntryPoint","urlTemplate":"https:\/\/native3.cl\/?s={search_term_string}"},"query-input":{"@type":"PropertyValueSpecification","valueRequired":true,"valueName":"search_term_string"}}],"inLanguage":"en-US"},{"@type":"Organization","@id":"https:\/\/native3.cl\/#organization","name":"Native3","alternateName":"Consultora Ambiental en Restauraci\u00f3n Ecol\u00f3gica","url":"https:\/\/native3.cl\/","logo":{"@type":"ImageObject","inLanguage":"en-US","@id":"https:\/\/native3.cl\/#\/schema\/logo\/image\/","url":"https:\/\/native3.cl\/wp-content\/uploads\/2025\/05\/logo-Native3-blanco.png","contentUrl":"https:\/\/native3.cl\/wp-content\/uploads\/2025\/05\/logo-Native3-blanco.png","width":832,"height":332,"caption":"Native3"},"image":{"@id":"https:\/\/native3.cl\/#\/schema\/logo\/image\/"}}]}},"_links":{"self":[{"href":"https:\/\/native3.cl\/en\/wp-json\/wp\/v2\/pages\/10","targetHints":{"allow":["GET"]}}],"collection":[{"href":"https:\/\/native3.cl\/en\/wp-json\/wp\/v2\/pages"}],"about":[{"href":"https:\/\/native3.cl\/en\/wp-json\/wp\/v2\/types\/page"}],"author":[{"embeddable":true,"href":"https:\/\/native3.cl\/en\/wp-json\/wp\/v2\/users\/1"}],"replies":[{"embeddable":true,"href":"https:\/\/native3.cl\/en\/wp-json\/wp\/v2\/comments?post=10"}],"version-history":[{"count":100,"href":"https:\/\/native3.cl\/en\/wp-json\/wp\/v2\/pages\/10\/revisions"}],"predecessor-version":[{"id":812,"href":"https:\/\/native3.cl\/en\/wp-json\/wp\/v2\/pages\/10\/revisions\/812"}],"wp:attachment":[{"href":"https:\/\/native3.cl\/en\/wp-json\/wp\/v2\/media?parent=10"}],"curies":[{"name":"wp","href":"https:\/\/api.w.org\/{rel}","templated":true}]}}